{"id":132,"date":"2015-03-03T13:24:43","date_gmt":"2015-03-03T13:24:43","guid":{"rendered":"https:\/\/matematikdoktoru.com\/?page_id=132"},"modified":"2021-05-29T12:46:28","modified_gmt":"2021-05-29T12:46:28","slug":"11-sinif-matematik","status":"publish","type":"page","link":"https:\/\/matematikdoktoru.com\/index.php\/lise-matematik\/11-sinif-matematik\/","title":{"rendered":"11. S\u0131n\u0131f Matematik"},"content":{"rendered":"\n<div class=\"wp-block-buttons\">\n<div class=\"wp-block-button\"><a class=\"wp-block-button__link\" href=\"https:\/\/matematikdoktoru.com\/index.php\/K\/11-sinif-matematik-videolar\/\" target=\"_blank\" rel=\"noreferrer noopener\">Videolar<\/a><\/div>\n\n\n\n<div class=\"wp-block-button\"><a class=\"wp-block-button__link\" href=\"https:\/\/matematikdoktoru.com\/index.php\/K\/11-sinif-matematik-online-soru-cozumu\/\" target=\"_blank\" rel=\"noreferrer noopener\">Online Soru \u00c7\u00f6z\u00fcm\u00fc<\/a><\/div>\n\n\n\n<div class=\"wp-block-button\"><a class=\"wp-block-button__link\" href=\"https:\/\/matematikdoktoru.com\/index.php\/K\/11-sinif-matematik-yazili-videolari\/\" target=\"_blank\" rel=\"noreferrer noopener\">Yaz\u0131l\u0131 Videolar\u0131<\/a><\/div>\n<\/div>\n\n\n\n<p><\/p>\n","protected":false},"excerpt":{"rendered":"","protected":false},"author":1,"featured_media":0,"parent":110,"menu_order":0,"comment_status":"closed","ping_status":"closed","template":"","meta":[],"_links":{"self":[{"href":"https:\/\/matematikdoktoru.com\/index.php\/wp-json\/wp\/v2\/pages\/132"}],"collection":[{"href":"https:\/\/matematikdoktoru.com\/index.php\/wp-json\/wp\/v2\/pages"}],"about":[{"href":"https:\/\/matematikdoktoru.com\/index.php\/wp-json\/wp\/v2\/types\/page"}],"author":[{"embeddable":true,"href":"https:\/\/matematikdoktoru.com\/index.php\/wp-json\/wp\/v2\/users\/1"}],"replies":[{"embeddable":true,"href":"https:\/\/matematikdoktoru.com\/index.php\/wp-json\/wp\/v2\/comments?post=132"}],"version-history":[{"count":2,"href":"https:\/\/matematikdoktoru.com\/index.php\/wp-json\/wp\/v2\/pages\/132\/revisions"}],"predecessor-version":[{"id":446,"href":"https:\/\/matematikdoktoru.com\/index.php\/wp-json\/wp\/v2\/pages\/132\/revisions\/446"}],"up":[{"embeddable":true,"href":"https:\/\/matematikdoktoru.com\/index.php\/wp-json\/wp\/v2\/pages\/110"}],"wp:attachment":[{"href":"https:\/\/matematikdoktoru.com\/index.php\/wp-json\/wp\/v2\/media?parent=132"}],"curies":[{"name":"wp","href":"https:\/\/api.w.org\/{rel}","templated":true}]}}