{"id":116,"date":"2015-03-03T13:21:57","date_gmt":"2015-03-03T13:21:57","guid":{"rendered":"https:\/\/matematikdoktoru.com\/?page_id=116"},"modified":"2021-05-29T12:36:50","modified_gmt":"2021-05-29T12:36:50","slug":"3-sinif-matematik","status":"publish","type":"page","link":"https:\/\/matematikdoktoru.com\/index.php\/ilkokul-matematik\/3-sinif-matematik\/","title":{"rendered":"3. S\u0131n\u0131f Matematik"},"content":{"rendered":"\n<div class=\"wp-block-buttons\">\n<div class=\"wp-block-button\"><a class=\"wp-block-button__link\" href=\"https:\/\/matematikdoktoru.com\/index.php\/K\/3-sinif-matematik-videolar\/\" target=\"_blank\" rel=\"noreferrer noopener\">Videolar<\/a><\/div>\n\n\n\n<div class=\"wp-block-button\"><a class=\"wp-block-button__link\" href=\"https:\/\/matematikdoktoru.com\/index.php\/K\/3-sinif-matematik-online-soru-cozumu\/\" target=\"_blank\" rel=\"noreferrer noopener\">Online Soru \u00c7\u00f6z\u00fcm\u00fc<\/a><\/div>\n\n\n\n<div class=\"wp-block-button\"><a class=\"wp-block-button__link\" href=\"https:\/\/matematikdoktoru.com\/index.php\/K\/3-sinif-matematik-genel-tekrar\/\" target=\"_blank\" rel=\"noreferrer noopener\">Genel Tekrar<\/a><\/div>\n<\/div>\n\n\n\n<p><\/p>\n","protected":false},"excerpt":{"rendered":"","protected":false},"author":1,"featured_media":0,"parent":106,"menu_order":0,"comment_status":"closed","ping_status":"closed","template":"","meta":[],"_links":{"self":[{"href":"https:\/\/matematikdoktoru.com\/index.php\/wp-json\/wp\/v2\/pages\/116"}],"collection":[{"href":"https:\/\/matematikdoktoru.com\/index.php\/wp-json\/wp\/v2\/pages"}],"about":[{"href":"https:\/\/matematikdoktoru.com\/index.php\/wp-json\/wp\/v2\/types\/page"}],"author":[{"embeddable":true,"href":"https:\/\/matematikdoktoru.com\/index.php\/wp-json\/wp\/v2\/users\/1"}],"replies":[{"embeddable":true,"href":"https:\/\/matematikdoktoru.com\/index.php\/wp-json\/wp\/v2\/comments?post=116"}],"version-history":[{"count":2,"href":"https:\/\/matematikdoktoru.com\/index.php\/wp-json\/wp\/v2\/pages\/116\/revisions"}],"predecessor-version":[{"id":438,"href":"https:\/\/matematikdoktoru.com\/index.php\/wp-json\/wp\/v2\/pages\/116\/revisions\/438"}],"up":[{"embeddable":true,"href":"https:\/\/matematikdoktoru.com\/index.php\/wp-json\/wp\/v2\/pages\/106"}],"wp:attachment":[{"href":"https:\/\/matematikdoktoru.com\/index.php\/wp-json\/wp\/v2\/media?parent=116"}],"curies":[{"name":"wp","href":"https:\/\/api.w.org\/{rel}","templated":true}]}}