{"id":104,"date":"2015-03-03T13:18:11","date_gmt":"2015-03-03T13:18:11","guid":{"rendered":"https:\/\/matematikdoktoru.com\/?page_id=104"},"modified":"2021-05-25T14:44:02","modified_gmt":"2021-05-25T14:44:02","slug":"marka-lisans-sozlesmesi","status":"publish","type":"page","link":"https:\/\/matematikdoktoru.com\/index.php\/marka-lisans-sozlesmesi\/","title":{"rendered":"Marka Lisans S\u00f6zle\u015fmesi"},"content":{"rendered":"\n<p><span class=\"has-inline-color has-vivid-red-color\"><strong>&#8216;Matematik Doktoru&#8217;<\/strong><\/span><strong><span class=\"has-inline-color has-vivid-red-color\"> <\/span><\/strong>markas\u0131n\u0131 kullanmak isteyen ki\u015fi ya da kurumlar taraf\u0131m\u0131zla irtibata ge\u00e7ip, Marka Lisans S\u00f6zle\u015fmesi ile <strong><span class=\"has-inline-color has-vivid-red-color\">&#8216;Matematik Doktoru&#8217;<\/span> <\/strong>markas\u0131n\u0131 kullanabilirler.<\/p>\n","protected":false},"excerpt":{"rendered":"<p>&#8216;Matematik Doktoru&#8217; markas\u0131n\u0131 kullanmak isteyen ki\u015fi ya da kurumlar taraf\u0131m\u0131zla irtibata ge\u00e7ip, Marka Lisans S\u00f6zle\u015fmesi ile &#8216;Matematik Doktoru&#8217; markas\u0131n\u0131 kullanabilirler.<\/p>\n","protected":false},"author":2,"featured_media":0,"parent":0,"menu_order":0,"comment_status":"closed","ping_status":"closed","template":"","meta":[],"_links":{"self":[{"href":"https:\/\/matematikdoktoru.com\/index.php\/wp-json\/wp\/v2\/pages\/104"}],"collection":[{"href":"https:\/\/matematikdoktoru.com\/index.php\/wp-json\/wp\/v2\/pages"}],"about":[{"href":"https:\/\/matematikdoktoru.com\/index.php\/wp-json\/wp\/v2\/types\/page"}],"author":[{"embeddable":true,"href":"https:\/\/matematikdoktoru.com\/index.php\/wp-json\/wp\/v2\/users\/2"}],"replies":[{"embeddable":true,"href":"https:\/\/matematikdoktoru.com\/index.php\/wp-json\/wp\/v2\/comments?post=104"}],"version-history":[{"count":3,"href":"https:\/\/matematikdoktoru.com\/index.php\/wp-json\/wp\/v2\/pages\/104\/revisions"}],"predecessor-version":[{"id":423,"href":"https:\/\/matematikdoktoru.com\/index.php\/wp-json\/wp\/v2\/pages\/104\/revisions\/423"}],"wp:attachment":[{"href":"https:\/\/matematikdoktoru.com\/index.php\/wp-json\/wp\/v2\/media?parent=104"}],"curies":[{"name":"wp","href":"https:\/\/api.w.org\/{rel}","templated":true}]}}